{"id":2972,"date":"2025-09-01T11:29:51","date_gmt":"2025-09-01T09:29:51","guid":{"rendered":"https:\/\/penzioncepice.cz\/?page_id=2972"},"modified":"2026-03-11T13:48:23","modified_gmt":"2026-03-11T12:48:23","slug":"bistro-cepice-krusne-hory-pernink","status":"publish","type":"page","link":"https:\/\/penzioncepice.cz\/?page_id=2972","title":{"rendered":"Bistro \u010cepice Kru\u0161n\u00e9 hory"},"content":{"rendered":"\t\t<div data-elementor-type=\"wp-page\" data-elementor-id=\"2972\" class=\"elementor elementor-2972\" data-elementor-post-type=\"page\">\n\t\t\t\t<div class=\"elementor-element elementor-element-837f7b9 e-flex e-con-boxed e-con e-parent\" data-id=\"837f7b9\" data-element_type=\"container\" data-e-type=\"container\" data-settings=\"{&quot;background_background&quot;:&quot;classic&quot;}\">\n\t\t\t\t\t<div class=\"e-con-inner\">\n\t\t<div class=\"elementor-element elementor-element-54dde2c e-con-full e-flex e-con e-child\" data-id=\"54dde2c\" data-element_type=\"container\" data-e-type=\"container\">\n\t\t\t\t<div class=\"elementor-element elementor-element-a1e7a4e elementor-widget elementor-widget-image\" data-id=\"a1e7a4e\" data-element_type=\"widget\" data-e-type=\"widget\" data-widget_type=\"image.default\">\n\t\t\t\t\t\t\t\t\t\t\t\t\t\t\t\t<a href=\"https:\/\/penzioncepice.cz\">\n\t\t\t\t\t\t\t<img fetchpriority=\"high\" decoding=\"async\" width=\"800\" height=\"566\" src=\"https:\/\/penzioncepice.cz\/wp-content\/uploads\/2021\/05\/cropped-Cepice-Fin3-1-1-1024x724.png\" class=\"elementor-animation-grow attachment-large size-large wp-image-1484\" alt=\"\" srcset=\"https:\/\/penzioncepice.cz\/wp-content\/uploads\/2021\/05\/cropped-Cepice-Fin3-1-1-1024x724.png 1024w, https:\/\/penzioncepice.cz\/wp-content\/uploads\/2021\/05\/cropped-Cepice-Fin3-1-1-300x212.png 300w, https:\/\/penzioncepice.cz\/wp-content\/uploads\/2021\/05\/cropped-Cepice-Fin3-1-1-768x543.png 768w, https:\/\/penzioncepice.cz\/wp-content\/uploads\/2021\/05\/cropped-Cepice-Fin3-1-1-1536x1086.png 1536w, https:\/\/penzioncepice.cz\/wp-content\/uploads\/2021\/05\/cropped-Cepice-Fin3-1-1-2048x1448.png 2048w, https:\/\/penzioncepice.cz\/wp-content\/uploads\/2021\/05\/cropped-Cepice-Fin3-1-1-e1621021918421.png 200w\" sizes=\"(max-width: 800px) 100vw, 800px\" \/>\t\t\t\t\t\t\t\t<\/a>\n\t\t\t\t\t\t\t\t\t\t\t\t\t\t\t<\/div>\n\t\t\t\t<\/div>\n\t\t<div class=\"elementor-element elementor-element-0a3685f e-con-full e-flex e-con e-child\" data-id=\"0a3685f\" data-element_type=\"container\" data-e-type=\"container\">\n\t\t\t\t<div class=\"elementor-element elementor-element-12d8357 elementor-nav-menu__align-end elementor-nav-menu--stretch elementor-nav-menu__text-align-center elementor-nav-menu--dropdown-tablet elementor-nav-menu--toggle elementor-nav-menu--burger elementor-widget elementor-widget-nav-menu\" data-id=\"12d8357\" data-element_type=\"widget\" data-e-type=\"widget\" data-settings=\"{&quot;full_width&quot;:&quot;stretch&quot;,&quot;layout&quot;:&quot;horizontal&quot;,&quot;submenu_icon&quot;:{&quot;value&quot;:&quot;&lt;svg aria-hidden=\\&quot;true\\&quot; class=\\&quot;e-font-icon-svg e-fas-caret-down\\&quot; viewBox=\\&quot;0 0 320 512\\&quot; xmlns=\\&quot;http:\\\/\\\/www.w3.org\\\/2000\\\/svg\\&quot;&gt;&lt;path d=\\&quot;M31.3 192h257.3c17.8 0 26.7 21.5 14.1 34.1L174.1 354.8c-7.8 7.8-20.5 7.8-28.3 0L17.2 226.1C4.6 213.5 13.5 192 31.3 192z\\&quot;&gt;&lt;\\\/path&gt;&lt;\\\/svg&gt;&quot;,&quot;library&quot;:&quot;fa-solid&quot;},&quot;toggle&quot;:&quot;burger&quot;}\" data-widget_type=\"nav-menu.default\">\n\t\t\t\t\t\t\t\t<nav aria-label=\"Menu\" class=\"elementor-nav-menu--main elementor-nav-menu__container elementor-nav-menu--layout-horizontal e--pointer-underline e--animation-fade\">\n\t\t\t\t<ul id=\"menu-1-12d8357\" class=\"elementor-nav-menu\"><li class=\"menu-item menu-item-type-post_type menu-item-object-page menu-item-home menu-item-2583\"><a href=\"https:\/\/penzioncepice.cz\/\" class=\"elementor-item\">Uvod<\/a><\/li>\n<li class=\"menu-item menu-item-type-custom menu-item-object-custom menu-item-27\"><a href=\"#ocepici\" class=\"elementor-item elementor-item-anchor\">O \u010cepici<\/a><\/li>\n<li class=\"menu-item menu-item-type-post_type menu-item-object-page menu-item-2975\"><a href=\"https:\/\/penzioncepice.cz\/?page_id=2972\" class=\"elementor-item\">Bistro<\/a><\/li>\n<li class=\"menu-item menu-item-type-custom menu-item-object-custom menu-item-28\"><a href=\"#pokoje\" class=\"elementor-item elementor-item-anchor\">Pokoje<\/a><\/li>\n<li class=\"menu-item menu-item-type-custom menu-item-object-custom menu-item-2872\"><a href=\"#Ceny\" class=\"elementor-item elementor-item-anchor\">Ceny<\/a><\/li>\n<li class=\"menu-item menu-item-type-custom menu-item-object-custom menu-item-1251\"><a href=\"#galerie\" class=\"elementor-item elementor-item-anchor\">Galerie<\/a><\/li>\n<li class=\"menu-item menu-item-type-custom menu-item-object-custom menu-item-32\"><a href=\"#kontakt\" class=\"elementor-item elementor-item-anchor\">Kontakt<\/a><\/li>\n<\/ul>\t\t\t<\/nav>\n\t\t\t\t\t<div class=\"elementor-menu-toggle\" role=\"button\" tabindex=\"0\" aria-label=\"Menu Toggle\" aria-expanded=\"false\">\n\t\t\t<svg aria-hidden=\"true\" role=\"presentation\" class=\"elementor-menu-toggle__icon--open e-font-icon-svg e-eicon-menu-bar\" viewBox=\"0 0 1000 1000\" xmlns=\"http:\/\/www.w3.org\/2000\/svg\"><path d=\"M104 333H896C929 333 958 304 958 271S929 208 896 208H104C71 208 42 237 42 271S71 333 104 333ZM104 583H896C929 583 958 554 958 521S929 458 896 458H104C71 458 42 487 42 521S71 583 104 583ZM104 833H896C929 833 958 804 958 771S929 708 896 708H104C71 708 42 737 42 771S71 833 104 833Z\"><\/path><\/svg><svg aria-hidden=\"true\" role=\"presentation\" class=\"elementor-menu-toggle__icon--close e-font-icon-svg e-eicon-close\" viewBox=\"0 0 1000 1000\" xmlns=\"http:\/\/www.w3.org\/2000\/svg\"><path d=\"M742 167L500 408 258 167C246 154 233 150 217 150 196 150 179 158 167 167 154 179 150 196 150 212 150 229 154 242 171 254L408 500 167 742C138 771 138 800 167 829 196 858 225 858 254 829L496 587 738 829C750 842 767 846 783 846 800 846 817 842 829 829 842 817 846 804 846 783 846 767 842 750 829 737L588 500 833 258C863 229 863 200 833 171 804 137 775 137 742 167Z\"><\/path><\/svg>\t\t<\/div>\n\t\t\t\t\t<nav class=\"elementor-nav-menu--dropdown elementor-nav-menu__container\" aria-hidden=\"true\">\n\t\t\t\t<ul id=\"menu-2-12d8357\" class=\"elementor-nav-menu\"><li class=\"menu-item menu-item-type-post_type menu-item-object-page menu-item-home menu-item-2583\"><a href=\"https:\/\/penzioncepice.cz\/\" class=\"elementor-item\" tabindex=\"-1\">Uvod<\/a><\/li>\n<li class=\"menu-item menu-item-type-custom menu-item-object-custom menu-item-27\"><a href=\"#ocepici\" class=\"elementor-item elementor-item-anchor\" tabindex=\"-1\">O \u010cepici<\/a><\/li>\n<li class=\"menu-item menu-item-type-post_type menu-item-object-page menu-item-2975\"><a href=\"https:\/\/penzioncepice.cz\/?page_id=2972\" class=\"elementor-item\" tabindex=\"-1\">Bistro<\/a><\/li>\n<li class=\"menu-item menu-item-type-custom menu-item-object-custom menu-item-28\"><a href=\"#pokoje\" class=\"elementor-item elementor-item-anchor\" tabindex=\"-1\">Pokoje<\/a><\/li>\n<li class=\"menu-item menu-item-type-custom menu-item-object-custom menu-item-2872\"><a href=\"#Ceny\" class=\"elementor-item elementor-item-anchor\" tabindex=\"-1\">Ceny<\/a><\/li>\n<li class=\"menu-item menu-item-type-custom menu-item-object-custom menu-item-1251\"><a href=\"#galerie\" class=\"elementor-item elementor-item-anchor\" tabindex=\"-1\">Galerie<\/a><\/li>\n<li class=\"menu-item menu-item-type-custom menu-item-object-custom menu-item-32\"><a href=\"#kontakt\" class=\"elementor-item elementor-item-anchor\" tabindex=\"-1\">Kontakt<\/a><\/li>\n<\/ul>\t\t\t<\/nav>\n\t\t\t\t\t\t<\/div>\n\t\t\t\t<\/div>\n\t\t<div class=\"elementor-element elementor-element-ba1d7d4 e-con-full e-flex e-con e-child\" data-id=\"ba1d7d4\" data-element_type=\"container\" data-e-type=\"container\">\n\t\t\t\t<div class=\"elementor-element elementor-element-26b06d1 elementor-align-right elementor-widget elementor-widget-button\" data-id=\"26b06d1\" data-element_type=\"widget\" data-e-type=\"widget\" data-widget_type=\"button.default\">\n\t\t\t\t\t\t\t\t\t\t<a class=\"elementor-button elementor-button-link elementor-size-sm elementor-animation-grow\" href=\"#dolurezervace\">\n\t\t\t\t\t\t<span class=\"elementor-button-content-wrapper\">\n\t\t\t\t\t\t\t\t\t<span class=\"elementor-button-text\">Rezervace<\/span>\n\t\t\t\t\t<\/span>\n\t\t\t\t\t<\/a>\n\t\t\t\t\t\t\t\t<\/div>\n\t\t\t\t<\/div>\n\t\t\t\t\t<\/div>\n\t\t\t\t<\/div>\n\t\t<div class=\"elementor-element elementor-element-f322306 e-flex e-con-boxed e-con e-parent\" data-id=\"f322306\" data-element_type=\"container\" data-e-type=\"container\" data-settings=\"{&quot;background_background&quot;:&quot;slideshow&quot;,&quot;background_slideshow_gallery&quot;:[{&quot;id&quot;:2566,&quot;url&quot;:&quot;https:\\\/\\\/penzioncepice.cz\\\/wp-content\\\/uploads\\\/2025\\\/08\\\/dji_fly_20250802_095754_211_1754121651181_photo-scaled.jpg&quot;},{&quot;id&quot;:2048,&quot;url&quot;:&quot;https:\\\/\\\/penzioncepice.cz\\\/wp-content\\\/uploads\\\/2021\\\/11\\\/PHOTO-2021-08-16-08-23-34_1.jpg&quot;},{&quot;id&quot;:2043,&quot;url&quot;:&quot;https:\\\/\\\/penzioncepice.cz\\\/wp-content\\\/uploads\\\/2021\\\/11\\\/PHOTO-2021-08-16-08-23-32_1.jpg&quot;},{&quot;id&quot;:2044,&quot;url&quot;:&quot;https:\\\/\\\/penzioncepice.cz\\\/wp-content\\\/uploads\\\/2021\\\/11\\\/PHOTO-2021-08-16-08-23-32_2.jpg&quot;},{&quot;id&quot;:2388,&quot;url&quot;:&quot;https:\\\/\\\/penzioncepice.cz\\\/wp-content\\\/uploads\\\/2023\\\/01\\\/Apartman-foto-scaled.jpg&quot;},{&quot;id&quot;:2479,&quot;url&quot;:&quot;https:\\\/\\\/penzioncepice.cz\\\/wp-content\\\/uploads\\\/2024\\\/10\\\/penzion-a-bistro-cepice-c4bc-.jpeg&quot;}],&quot;background_slideshow_ken_burns&quot;:&quot;yes&quot;,&quot;background_slideshow_loop&quot;:&quot;yes&quot;,&quot;background_slideshow_slide_duration&quot;:5000,&quot;background_slideshow_slide_transition&quot;:&quot;fade&quot;,&quot;background_slideshow_transition_duration&quot;:500,&quot;background_slideshow_ken_burns_zoom_direction&quot;:&quot;in&quot;}\">\n\t\t\t\t\t<div class=\"e-con-inner\">\n\t\t<div class=\"elementor-element elementor-element-5dd5969 e-con-full e-flex e-con e-child\" data-id=\"5dd5969\" data-element_type=\"container\" data-e-type=\"container\">\n\t\t\t\t<div class=\"elementor-element elementor-element-e592f49 elementor-icon-list--layout-traditional elementor-list-item-link-full_width elementor-widget elementor-widget-icon-list\" data-id=\"e592f49\" data-element_type=\"widget\" data-e-type=\"widget\" data-widget_type=\"icon-list.default\">\n\t\t\t\t\t\t\t<ul class=\"elementor-icon-list-items\">\n\t\t\t\t\t\t\t<li class=\"elementor-icon-list-item\">\n\t\t\t\t\t\t\t\t\t\t\t<span class=\"elementor-icon-list-icon\">\n\t\t\t\t\t\t\t<svg aria-hidden=\"true\" class=\"e-font-icon-svg e-fas-map-marker-alt\" viewBox=\"0 0 384 512\" xmlns=\"http:\/\/www.w3.org\/2000\/svg\"><path d=\"M172.268 501.67C26.97 291.031 0 269.413 0 192 0 85.961 85.961 0 192 0s192 85.961 192 192c0 77.413-26.97 99.031-172.268 309.67-9.535 13.774-29.93 13.773-39.464 0zM192 272c44.183 0 80-35.817 80-80s-35.817-80-80-80-80 35.817-80 80 35.817 80 80 80z\"><\/path><\/svg>\t\t\t\t\t\t<\/span>\n\t\t\t\t\t\t\t\t\t\t<span class=\"elementor-icon-list-text\">Kru\u0161n\u00e9 hory<\/span>\n\t\t\t\t\t\t\t\t\t<\/li>\n\t\t\t\t\t\t<\/ul>\n\t\t\t\t\t\t<\/div>\n\t\t\t\t<div class=\"elementor-element elementor-element-957c6c5 elementor-widget elementor-widget-heading\" data-id=\"957c6c5\" data-element_type=\"widget\" data-e-type=\"widget\" data-widget_type=\"heading.default\">\n\t\t\t\t\t<h1 class=\"elementor-heading-title elementor-size-default\">Bistro \u010cepice<\/h1>\t\t\t\t<\/div>\n\t\t\t\t<\/div>\n\t\t\t\t\t<\/div>\n\t\t\t\t<\/div>\n\t\t<div class=\"elementor-element elementor-element-1387498 e-flex e-con-boxed e-con e-parent\" data-id=\"1387498\" data-element_type=\"container\" data-e-type=\"container\" data-settings=\"{&quot;background_background&quot;:&quot;classic&quot;}\">\n\t\t\t\t\t<div class=\"e-con-inner\">\n\t\t<div class=\"elementor-element elementor-element-259077c e-con-full e-flex e-con e-child\" data-id=\"259077c\" data-element_type=\"container\" data-e-type=\"container\">\n\t\t\t\t<div class=\"elementor-element elementor-element-31ab260 elementor-widget elementor-widget-heading\" data-id=\"31ab260\" data-element_type=\"widget\" data-e-type=\"widget\" data-widget_type=\"heading.default\">\n\t\t\t\t\t<h3 class=\"elementor-heading-title elementor-size-default\">J\u00eddlo v perninku<\/h3>\t\t\t\t<\/div>\n\t\t\t\t<div class=\"elementor-element elementor-element-be59a55 elementor-widget elementor-widget-heading\" data-id=\"be59a55\" data-element_type=\"widget\" data-e-type=\"widget\" data-widget_type=\"heading.default\">\n\t\t\t\t\t<h2 class=\"elementor-heading-title elementor-size-default\">Bistro \u010cepice Kru\u0161n\u00e9 hory<\/h2>\t\t\t\t<\/div>\n\t\t\t\t<div class=\"elementor-element elementor-element-d27f2eb elementor-widget elementor-widget-text-editor\" data-id=\"d27f2eb\" data-element_type=\"widget\" data-e-type=\"widget\" data-widget_type=\"text-editor.default\">\n\t\t\t\t\t\t\t\t\t<p style=\"text-align: center;\">Otev\u00edrac\u00ed doba:<\/p><div style=\"text-align: center;\">Zima: Leden &#8211; B\u0159ezen &#8211; p\u00e1tek, sobota 17:00 &#8211; 22:00<\/div><div style=\"text-align: center;\">L\u00e9to: \u010cerven &#8211; Srpen &#8211; p\u00e1tek, sobota 17:00 &#8211; 22:00<\/div>\t\t\t\t\t\t\t\t<\/div>\n\t\t\t\t<div class=\"elementor-element elementor-element-39c97ea elementor-widget elementor-widget-html\" data-id=\"39c97ea\" data-element_type=\"widget\" data-e-type=\"widget\" data-widget_type=\"html.default\">\n\t\t\t\t\t<iframe src=\"https:\/\/penzioncepice.cz\/wp-content\/uploads\/2025\/09\/Cepice-Jidelni-Listek-New4.pdf\" \n        width=\"100%\" \n        height=\"800px\" \n        style=\"border:none;\">\n<\/iframe>\n\t\t\t\t<\/div>\n\t\t\t\t<\/div>\n\t\t\t\t\t<\/div>\n\t\t\t\t<\/div>\n\t\t\t\t<\/div>\n\t\t","protected":false},"excerpt":{"rendered":"<p>Rezervace Kru\u0161n\u00e9 hory Bistro \u010cepice J\u00eddlo v perninku Bistro \u010cepice Kru\u0161n\u00e9 hory Otev\u00edrac\u00ed doba: Zima: Leden &#8211; B\u0159ezen &#8211; p\u00e1tek, sobota 17:00 &#8211; 22:00L\u00e9to: \u010cerven &#8211; Srpen &#8211; p\u00e1tek, sobota 17:00 &#8211; 22:00<\/p>\n","protected":false},"author":1,"featured_media":0,"parent":0,"menu_order":0,"comment_status":"closed","ping_status":"closed","template":"elementor_canvas","meta":{"footnotes":""},"class_list":["post-2972","page","type-page","status-publish","hentry"],"yoast_head":"<!-- This site is optimized with the Yoast SEO plugin v27.4 - https:\/\/yoast.com\/product\/yoast-seo-wordpress\/ -->\n<title>Bistro \u010cepice Kru\u0161n\u00e9 hory - Penzion a bistro \u010cepice v Kru\u0161n\u00fdch hor\u00e1ch<\/title>\n<meta name=\"description\" content=\"bistro pernink ve\u010de\u0159e sn\u00eddan\u011b ubytov\u00e1n\u00ed penzion dovolen\u00e1 kru\u0161n\u00e9 hory sjezdovka r pohoda klid les p\u0159\u00edroda kl\u00ednovec ple\u0161ivec bo\u017e\u00ed dar\" \/>\n<meta name=\"robots\" content=\"index, follow, max-snippet:-1, max-image-preview:large, max-video-preview:-1\" \/>\n<link rel=\"canonical\" href=\"https:\/\/penzioncepice.cz\/?page_id=2972\" \/>\n<meta property=\"og:locale\" content=\"cs_CZ\" \/>\n<meta property=\"og:type\" content=\"article\" \/>\n<meta property=\"og:title\" content=\"Bistro \u010cepice Kru\u0161n\u00e9 hory - Penzion a bistro \u010cepice v Kru\u0161n\u00fdch hor\u00e1ch\" \/>\n<meta property=\"og:description\" content=\"bistro pernink ve\u010de\u0159e sn\u00eddan\u011b ubytov\u00e1n\u00ed penzion dovolen\u00e1 kru\u0161n\u00e9 hory sjezdovka r pohoda klid les p\u0159\u00edroda kl\u00ednovec ple\u0161ivec bo\u017e\u00ed dar\" \/>\n<meta property=\"og:url\" content=\"https:\/\/penzioncepice.cz\/?page_id=2972\" \/>\n<meta property=\"og:site_name\" content=\"Penzion a bistro \u010cepice v Kru\u0161n\u00fdch hor\u00e1ch\" \/>\n<meta property=\"article:publisher\" content=\"https:\/\/www.facebook.com\/penzioncepice\" \/>\n<meta property=\"article:modified_time\" content=\"2026-03-11T12:48:23+00:00\" \/>\n<meta property=\"og:image\" content=\"https:\/\/penzioncepice.cz\/wp-content\/uploads\/2021\/05\/cropped-Cepice-Fin3-1-1-e1621021918421.png\" \/>\n\t<meta property=\"og:image:width\" content=\"200\" \/>\n\t<meta property=\"og:image:height\" content=\"141\" \/>\n\t<meta property=\"og:image:type\" content=\"image\/png\" \/>\n<meta name=\"twitter:card\" content=\"summary_large_image\" \/>\n<meta name=\"twitter:label1\" content=\"Odhadovan\u00e1 doba \u010dten\u00ed\" \/>\n\t<meta name=\"twitter:data1\" content=\"1 minuta\" \/>\n<script type=\"application\/ld+json\" class=\"yoast-schema-graph\">{\"@context\":\"https:\\\/\\\/schema.org\",\"@graph\":[{\"@type\":\"WebPage\",\"@id\":\"https:\\\/\\\/penzioncepice.cz\\\/?page_id=2972\",\"url\":\"https:\\\/\\\/penzioncepice.cz\\\/?page_id=2972\",\"name\":\"Bistro \u010cepice Kru\u0161n\u00e9 hory - Penzion a bistro \u010cepice v Kru\u0161n\u00fdch hor\u00e1ch\",\"isPartOf\":{\"@id\":\"https:\\\/\\\/penzioncepice.cz\\\/#website\"},\"primaryImageOfPage\":{\"@id\":\"https:\\\/\\\/penzioncepice.cz\\\/?page_id=2972#primaryimage\"},\"image\":{\"@id\":\"https:\\\/\\\/penzioncepice.cz\\\/?page_id=2972#primaryimage\"},\"thumbnailUrl\":\"https:\\\/\\\/penzioncepice.cz\\\/wp-content\\\/uploads\\\/2021\\\/05\\\/cropped-Cepice-Fin3-1-1-1024x724.png\",\"datePublished\":\"2025-09-01T09:29:51+00:00\",\"dateModified\":\"2026-03-11T12:48:23+00:00\",\"description\":\"bistro pernink ve\u010de\u0159e sn\u00eddan\u011b ubytov\u00e1n\u00ed penzion dovolen\u00e1 kru\u0161n\u00e9 hory sjezdovka r pohoda klid les p\u0159\u00edroda kl\u00ednovec ple\u0161ivec bo\u017e\u00ed dar\",\"breadcrumb\":{\"@id\":\"https:\\\/\\\/penzioncepice.cz\\\/?page_id=2972#breadcrumb\"},\"inLanguage\":\"cs\",\"potentialAction\":[{\"@type\":\"ReadAction\",\"target\":[\"https:\\\/\\\/penzioncepice.cz\\\/?page_id=2972\"]}]},{\"@type\":\"ImageObject\",\"inLanguage\":\"cs\",\"@id\":\"https:\\\/\\\/penzioncepice.cz\\\/?page_id=2972#primaryimage\",\"url\":\"https:\\\/\\\/penzioncepice.cz\\\/wp-content\\\/uploads\\\/2021\\\/05\\\/cropped-Cepice-Fin3-1-1-e1621021918421.png\",\"contentUrl\":\"https:\\\/\\\/penzioncepice.cz\\\/wp-content\\\/uploads\\\/2021\\\/05\\\/cropped-Cepice-Fin3-1-1-e1621021918421.png\",\"width\":200,\"height\":141},{\"@type\":\"BreadcrumbList\",\"@id\":\"https:\\\/\\\/penzioncepice.cz\\\/?page_id=2972#breadcrumb\",\"itemListElement\":[{\"@type\":\"ListItem\",\"position\":1,\"name\":\"Dom\u016f\",\"item\":\"https:\\\/\\\/penzioncepice.cz\\\/\"},{\"@type\":\"ListItem\",\"position\":2,\"name\":\"Bistro \u010cepice Kru\u0161n\u00e9 hory\"}]},{\"@type\":\"WebSite\",\"@id\":\"https:\\\/\\\/penzioncepice.cz\\\/#website\",\"url\":\"https:\\\/\\\/penzioncepice.cz\\\/\",\"name\":\"Penzion a bistro \u010cepice v Kru\u0161n\u00fdch hor\u00e1ch\",\"description\":\"&quot;Ubytov\u00e1n\u00ed v penzionu se sn\u00eddan\u00ed v Kru\u0161n\u00fdch hor\u00e1ch v Perninku naproti ski are\u00e1lu&quot;\",\"publisher\":{\"@id\":\"https:\\\/\\\/penzioncepice.cz\\\/#organization\"},\"potentialAction\":[{\"@type\":\"SearchAction\",\"target\":{\"@type\":\"EntryPoint\",\"urlTemplate\":\"https:\\\/\\\/penzioncepice.cz\\\/?s={search_term_string}\"},\"query-input\":{\"@type\":\"PropertyValueSpecification\",\"valueRequired\":true,\"valueName\":\"search_term_string\"}}],\"inLanguage\":\"cs\"},{\"@type\":\"Organization\",\"@id\":\"https:\\\/\\\/penzioncepice.cz\\\/#organization\",\"name\":\"Penzion a bistro \u010cepice v Kru\u0161n\u00fdch hor\u00e1ch\",\"url\":\"https:\\\/\\\/penzioncepice.cz\\\/\",\"logo\":{\"@type\":\"ImageObject\",\"inLanguage\":\"cs\",\"@id\":\"https:\\\/\\\/penzioncepice.cz\\\/#\\\/schema\\\/logo\\\/image\\\/\",\"url\":\"https:\\\/\\\/penzioncepice.cz\\\/wp-content\\\/uploads\\\/2021\\\/05\\\/cropped-Cepice-Fin3-3-scaled.png\",\"contentUrl\":\"https:\\\/\\\/penzioncepice.cz\\\/wp-content\\\/uploads\\\/2021\\\/05\\\/cropped-Cepice-Fin3-3-scaled.png\",\"width\":2560,\"height\":731,\"caption\":\"Penzion a bistro \u010cepice v Kru\u0161n\u00fdch hor\u00e1ch\"},\"image\":{\"@id\":\"https:\\\/\\\/penzioncepice.cz\\\/#\\\/schema\\\/logo\\\/image\\\/\"},\"sameAs\":[\"https:\\\/\\\/www.facebook.com\\\/penzioncepice\"]}]}<\/script>\n<!-- \/ Yoast SEO plugin. -->","yoast_head_json":{"title":"Bistro \u010cepice Kru\u0161n\u00e9 hory - Penzion a bistro \u010cepice v Kru\u0161n\u00fdch hor\u00e1ch","description":"bistro pernink ve\u010de\u0159e sn\u00eddan\u011b ubytov\u00e1n\u00ed penzion dovolen\u00e1 kru\u0161n\u00e9 hory sjezdovka r pohoda klid les p\u0159\u00edroda kl\u00ednovec ple\u0161ivec bo\u017e\u00ed dar","robots":{"index":"index","follow":"follow","max-snippet":"max-snippet:-1","max-image-preview":"max-image-preview:large","max-video-preview":"max-video-preview:-1"},"canonical":"https:\/\/penzioncepice.cz\/?page_id=2972","og_locale":"cs_CZ","og_type":"article","og_title":"Bistro \u010cepice Kru\u0161n\u00e9 hory - Penzion a bistro \u010cepice v Kru\u0161n\u00fdch hor\u00e1ch","og_description":"bistro pernink ve\u010de\u0159e sn\u00eddan\u011b ubytov\u00e1n\u00ed penzion dovolen\u00e1 kru\u0161n\u00e9 hory sjezdovka r pohoda klid les p\u0159\u00edroda kl\u00ednovec ple\u0161ivec bo\u017e\u00ed dar","og_url":"https:\/\/penzioncepice.cz\/?page_id=2972","og_site_name":"Penzion a bistro \u010cepice v Kru\u0161n\u00fdch hor\u00e1ch","article_publisher":"https:\/\/www.facebook.com\/penzioncepice","article_modified_time":"2026-03-11T12:48:23+00:00","og_image":[{"width":200,"height":141,"url":"https:\/\/penzioncepice.cz\/wp-content\/uploads\/2021\/05\/cropped-Cepice-Fin3-1-1-e1621021918421.png","type":"image\/png"}],"twitter_card":"summary_large_image","twitter_misc":{"Odhadovan\u00e1 doba \u010dten\u00ed":"1 minuta"},"schema":{"@context":"https:\/\/schema.org","@graph":[{"@type":"WebPage","@id":"https:\/\/penzioncepice.cz\/?page_id=2972","url":"https:\/\/penzioncepice.cz\/?page_id=2972","name":"Bistro \u010cepice Kru\u0161n\u00e9 hory - Penzion a bistro \u010cepice v Kru\u0161n\u00fdch hor\u00e1ch","isPartOf":{"@id":"https:\/\/penzioncepice.cz\/#website"},"primaryImageOfPage":{"@id":"https:\/\/penzioncepice.cz\/?page_id=2972#primaryimage"},"image":{"@id":"https:\/\/penzioncepice.cz\/?page_id=2972#primaryimage"},"thumbnailUrl":"https:\/\/penzioncepice.cz\/wp-content\/uploads\/2021\/05\/cropped-Cepice-Fin3-1-1-1024x724.png","datePublished":"2025-09-01T09:29:51+00:00","dateModified":"2026-03-11T12:48:23+00:00","description":"bistro pernink ve\u010de\u0159e sn\u00eddan\u011b ubytov\u00e1n\u00ed penzion dovolen\u00e1 kru\u0161n\u00e9 hory sjezdovka r pohoda klid les p\u0159\u00edroda kl\u00ednovec ple\u0161ivec bo\u017e\u00ed dar","breadcrumb":{"@id":"https:\/\/penzioncepice.cz\/?page_id=2972#breadcrumb"},"inLanguage":"cs","potentialAction":[{"@type":"ReadAction","target":["https:\/\/penzioncepice.cz\/?page_id=2972"]}]},{"@type":"ImageObject","inLanguage":"cs","@id":"https:\/\/penzioncepice.cz\/?page_id=2972#primaryimage","url":"https:\/\/penzioncepice.cz\/wp-content\/uploads\/2021\/05\/cropped-Cepice-Fin3-1-1-e1621021918421.png","contentUrl":"https:\/\/penzioncepice.cz\/wp-content\/uploads\/2021\/05\/cropped-Cepice-Fin3-1-1-e1621021918421.png","width":200,"height":141},{"@type":"BreadcrumbList","@id":"https:\/\/penzioncepice.cz\/?page_id=2972#breadcrumb","itemListElement":[{"@type":"ListItem","position":1,"name":"Dom\u016f","item":"https:\/\/penzioncepice.cz\/"},{"@type":"ListItem","position":2,"name":"Bistro \u010cepice Kru\u0161n\u00e9 hory"}]},{"@type":"WebSite","@id":"https:\/\/penzioncepice.cz\/#website","url":"https:\/\/penzioncepice.cz\/","name":"Penzion a bistro \u010cepice v Kru\u0161n\u00fdch hor\u00e1ch","description":"&quot;Ubytov\u00e1n\u00ed v penzionu se sn\u00eddan\u00ed v Kru\u0161n\u00fdch hor\u00e1ch v Perninku naproti ski are\u00e1lu&quot;","publisher":{"@id":"https:\/\/penzioncepice.cz\/#organization"},"potentialAction":[{"@type":"SearchAction","target":{"@type":"EntryPoint","urlTemplate":"https:\/\/penzioncepice.cz\/?s={search_term_string}"},"query-input":{"@type":"PropertyValueSpecification","valueRequired":true,"valueName":"search_term_string"}}],"inLanguage":"cs"},{"@type":"Organization","@id":"https:\/\/penzioncepice.cz\/#organization","name":"Penzion a bistro \u010cepice v Kru\u0161n\u00fdch hor\u00e1ch","url":"https:\/\/penzioncepice.cz\/","logo":{"@type":"ImageObject","inLanguage":"cs","@id":"https:\/\/penzioncepice.cz\/#\/schema\/logo\/image\/","url":"https:\/\/penzioncepice.cz\/wp-content\/uploads\/2021\/05\/cropped-Cepice-Fin3-3-scaled.png","contentUrl":"https:\/\/penzioncepice.cz\/wp-content\/uploads\/2021\/05\/cropped-Cepice-Fin3-3-scaled.png","width":2560,"height":731,"caption":"Penzion a bistro \u010cepice v Kru\u0161n\u00fdch hor\u00e1ch"},"image":{"@id":"https:\/\/penzioncepice.cz\/#\/schema\/logo\/image\/"},"sameAs":["https:\/\/www.facebook.com\/penzioncepice"]}]}},"_links":{"self":[{"href":"https:\/\/penzioncepice.cz\/index.php?rest_route=\/wp\/v2\/pages\/2972","targetHints":{"allow":["GET"]}}],"collection":[{"href":"https:\/\/penzioncepice.cz\/index.php?rest_route=\/wp\/v2\/pages"}],"about":[{"href":"https:\/\/penzioncepice.cz\/index.php?rest_route=\/wp\/v2\/types\/page"}],"author":[{"embeddable":true,"href":"https:\/\/penzioncepice.cz\/index.php?rest_route=\/wp\/v2\/users\/1"}],"replies":[{"embeddable":true,"href":"https:\/\/penzioncepice.cz\/index.php?rest_route=%2Fwp%2Fv2%2Fcomments&post=2972"}],"version-history":[{"count":11,"href":"https:\/\/penzioncepice.cz\/index.php?rest_route=\/wp\/v2\/pages\/2972\/revisions"}],"predecessor-version":[{"id":3114,"href":"https:\/\/penzioncepice.cz\/index.php?rest_route=\/wp\/v2\/pages\/2972\/revisions\/3114"}],"wp:attachment":[{"href":"https:\/\/penzioncepice.cz\/index.php?rest_route=%2Fwp%2Fv2%2Fmedia&parent=2972"}],"curies":[{"name":"wp","href":"https:\/\/api.w.org\/{rel}","templated":true}]}}